{"id":692,"date":"2024-11-13T19:52:46","date_gmt":"2024-11-13T19:52:46","guid":{"rendered":"https:\/\/congomines.azurewebsites.net\/?page_id=692"},"modified":"2026-02-09T20:15:39","modified_gmt":"2026-02-09T20:15:39","slug":"projets-miniers-et-infrastructures","status":"publish","type":"page","link":"https:\/\/congomines.azurewebsites.net\/fr\/mining-projects-and-infrastructure\/","title":{"rendered":"Projets miniers et infrastructures"},"content":{"rendered":"<div style=\"height:35px\" aria-hidden=\"true\" class=\"wp-block-spacer\"><\/div>\n\n\n\n<div class=\"wp-block-group is-vertical is-content-justification-left is-layout-flex wp-container-core-group-is-layout-c0ca7d81 wp-block-group-is-layout-flex\">\n<p>La R\u00e9publique d\u00e9mocratique du Congo est un pays aux ressources naturelles exceptionnellement riches, notamment dans les secteurs minier et p\u00e9trolier.<\/p>\n\n\n\n<p><\/p>\n\n\n\n<p>Les b\u00e9n\u00e9fices tir\u00e9s de l'exploitation de ces ressources naturelles font que les entreprises op\u00e9rant dans ces secteurs contribuent g\u00e9n\u00e9ralement au budget de l'\u00c9tat par le biais du paiement d'imp\u00f4ts.<\/p>\n\n\n\n<p><\/p>\n\n\n\n<p>Gr\u00e2ce aux accords, conventions et joint-ventures sign\u00e9s entre le gouvernement congolais et les entreprises \u00e9trang\u00e8res, le gouvernement congolais a accord\u00e9 des permis d'exploitation en \u00e9change de pr\u00eats pour des projets sociaux.<\/p>\n\n\n\n<p><\/p>\n\n\n\n<p>Cette section fournit des informations sur les contrats, les textes l\u00e9gislatifs et d'autres informations sur les projets d'exploitation des ressources naturelles en RDC.<\/p>\n<\/div>\n\n\n\n<hr class=\"wp-block-separator alignfull has-text-color has-alpha-channel-opacity has-background is-style-wide\" style=\"background-color:#cccccc;color:#cccccc\"\/>\n\n\n<p><!-- FRM-VIEW 21373 state=\"u8tjjFNQz0+Z58dNGRbq1qM\/B46lArOGlL6Ea95MKqlR3Mba9RJZXY+W2QjX8VbAzkDnx60J2s4rAA9moB0\/XyoXngSZMwog6Jng0JdBStPGH0pABcfhMc1Sk+x1WEqrS7sa1LCGRbfX8FSxsMfa9XjBDxAg2NdT0icLm82pJ1FtgWBqPOTQsb9OI9lc1dz5DCIMciplFZcO9QRJqmNSoedm5bQxPLFHew9r6xrDnHHJMhCgQjRwUB6VrgqrPuSPFog887jqHFkLX3AYBIjuLD8lS5IlR2RemXdw7doj7JHBr52zui+VAaT0LIylVFzQ\" refresh=\"0\" --><\/p>\n<h2 style=\"text-align: center; color: #aaaaaa;\">Projets miniers et infrastructures Documents<\/h2>\n<div class=\"frm_grid_container with_frm_style frm-grid-view frm_no_grid_750\" style=\"--v-tl-font-size: 12px;--v-tl-line-height: 12px;--v-tl-grid-column:span 4\/span 4;grid-gap: 10px 5%;\">\n<div>\n<div class=\"frm_grid_container\">\n<div class=\"frm12\" style=\"font-size: 12px;line-height: 12px;\">\n<h2><a href=\"https:\/\/congomines.azurewebsites.net\/fr\/mining-projects-and-infrastructure\/entry\/134410\" class=\"frm-detail-link\">Rapport sur les impacts environnementaux des activit\u00e9s mini\u00e8res de la compagnie china molybdenum co (cmoc) sur la communaut\u00e9 de Kabombwa<\/a><\/h2>\n<h3><\/h3>\n<h4>9 septembre 2022<\/h4>\n<p><a href=\"https:\/\/congomines.azurewebsites.net\/fr\/mining-projects-and-infrastructure\/entry\/134410\" class=\"frm-detail-link\">Voir le r\u00e9sum\u00e9<\/a>\n<\/div>\n<\/div>\n<\/div>\n<div>\n<div class=\"frm_grid_container\">\n<div class=\"frm12\" style=\"font-size: 12px;line-height: 12px;\">\n<h2><a href=\"https:\/\/congomines.azurewebsites.net\/fr\/mining-projects-and-infrastructure\/entry\/134388\" class=\"frm-detail-link\">Guide des fonds souverains<\/a><\/h2>\n<h3><\/h3>\n<h4>9 septembre 2022<\/h4>\n<p><a href=\"https:\/\/congomines.azurewebsites.net\/fr\/mining-projects-and-infrastructure\/entry\/134388\" class=\"frm-detail-link\">Voir le r\u00e9sum\u00e9<\/a>\n<\/div>\n<\/div>\n<\/div>\n<div>\n<div class=\"frm_grid_container\">\n<div class=\"frm12\" style=\"font-size: 12px;line-height: 12px;\">\n<h2><a href=\"https:\/\/congomines.azurewebsites.net\/fr\/mining-projects-and-infrastructure\/entry\/134390\" class=\"frm-detail-link\">Statistiques de la redevance mini\u00e8re pour la province du H-Katanga \/ 3\u00e8me trimestre 2022<\/a><\/h2>\n<h3><\/h3>\n<h4>9 septembre 2022<\/h4>\n<p><a href=\"https:\/\/congomines.azurewebsites.net\/fr\/mining-projects-and-infrastructure\/entry\/134390\" class=\"frm-detail-link\">Voir le r\u00e9sum\u00e9<\/a>\n<\/div>\n<\/div>\n<\/div>\n<div>\n<div class=\"frm_grid_container\">\n<div class=\"frm12\" style=\"font-size: 12px;line-height: 12px;\">\n<h2><a href=\"https:\/\/congomines.azurewebsites.net\/fr\/mining-projects-and-infrastructure\/entry\/134398\" class=\"frm-detail-link\">R\u00e9flexion sur les conditions pour la r\u00e9ussite d'un \u00e9ventuel processus de ren\u00e9gociation des contrats miniers en RDC<\/a><\/h2>\n<h3><\/h3>\n<h4>9 septembre 2022<\/h4>\n<p><a href=\"https:\/\/congomines.azurewebsites.net\/fr\/mining-projects-and-infrastructure\/entry\/134398\" class=\"frm-detail-link\">Voir le r\u00e9sum\u00e9<\/a>\n<\/div>\n<\/div>\n<\/div>\n<div>\n<div class=\"frm_grid_container\">\n<div class=\"frm12\" style=\"font-size: 12px;line-height: 12px;\">\n<h2><a href=\"https:\/\/congomines.azurewebsites.net\/fr\/mining-projects-and-infrastructure\/entry\/133154\" class=\"frm-detail-link\"> Analyse des conflits et cartographie des acteurs dans le Sud-Kivu<\/a><\/h2>\n<h3>Congo Siasa<\/h3>\n<h4>9 septembre 2021<\/h4>\n<p><a href=\"https:\/\/congomines.azurewebsites.net\/fr\/mining-projects-and-infrastructure\/entry\/133154\" class=\"frm-detail-link\">Voir le r\u00e9sum\u00e9<\/a>\n<\/div>\n<\/div>\n<\/div>\n<div>\n<div class=\"frm_grid_container\">\n<div class=\"frm12\" style=\"font-size: 12px;line-height: 12px;\">\n<h2><a href=\"https:\/\/congomines.azurewebsites.net\/fr\/mining-projects-and-infrastructure\/entry\/132265\" class=\"frm-detail-link\">Rapport sur le d\u00e9veloppement durable 2012 de Banro<\/a><\/h2>\n<h3><\/h3>\n<h4>9 septembre 2020<\/h4>\n<p><a href=\"https:\/\/congomines.azurewebsites.net\/fr\/mining-projects-and-infrastructure\/entry\/132265\" class=\"frm-detail-link\">Voir le r\u00e9sum\u00e9<\/a>\n<\/div>\n<\/div>\n<\/div>\n<div>\n<div class=\"frm_grid_container\">\n<div class=\"frm12\" style=\"font-size: 12px;line-height: 12px;\">\n<h2><a href=\"https:\/\/congomines.azurewebsites.net\/fr\/mining-projects-and-infrastructure\/entry\/132259\" class=\"frm-detail-link\">Rapport sur le d\u00e9veloppement durable 2016 de Banro<\/a><\/h2>\n<h3><\/h3>\n<h4>9 septembre 2020<\/h4>\n<p><a href=\"https:\/\/congomines.azurewebsites.net\/fr\/mining-projects-and-infrastructure\/entry\/132259\" class=\"frm-detail-link\">Voir le r\u00e9sum\u00e9<\/a>\n<\/div>\n<\/div>\n<\/div>\n<div>\n<div class=\"frm_grid_container\">\n<div class=\"frm12\" style=\"font-size: 12px;line-height: 12px;\">\n<h2><a href=\"https:\/\/congomines.azurewebsites.net\/fr\/mining-projects-and-infrastructure\/entry\/132253\" class=\"frm-detail-link\">Rapport sur le d\u00e9veloppement durable 2016 de Banro<\/a><\/h2>\n<h3><\/h3>\n<h4>9 septembre 2020<\/h4>\n<p><a href=\"https:\/\/congomines.azurewebsites.net\/fr\/mining-projects-and-infrastructure\/entry\/132253\" class=\"frm-detail-link\">Voir le r\u00e9sum\u00e9<\/a>\n<\/div>\n<\/div>\n<\/div>\n<div>\n<div class=\"frm_grid_container\">\n<div class=\"frm12\" style=\"font-size: 12px;line-height: 12px;\">\n<h2><a href=\"https:\/\/congomines.azurewebsites.net\/fr\/mining-projects-and-infrastructure\/entry\/132247\" class=\"frm-detail-link\">Rapport sur le d\u00e9veloppement durable 2017 de Banro<\/a><\/h2>\n<h3><\/h3>\n<h4>9 septembre 2020<\/h4>\n<p><a href=\"https:\/\/congomines.azurewebsites.net\/fr\/mining-projects-and-infrastructure\/entry\/132247\" class=\"frm-detail-link\">Voir le r\u00e9sum\u00e9<\/a>\n<\/div>\n<\/div>\n<\/div>\n<div>\n<div class=\"frm_grid_container\">\n<div class=\"frm12\" style=\"font-size: 12px;line-height: 12px;\">\n<h2><a href=\"https:\/\/congomines.azurewebsites.net\/fr\/mining-projects-and-infrastructure\/entry\/129974\" class=\"frm-detail-link\">Lettre du Groupe Th\u00e9matique mines\/Ressources naturelles de la Soci\u00e9t\u00e9 civile du Nord-Kivu <\/a><\/h2>\n<h3><\/h3>\n<h4>9 septembre 2019<\/h4>\n<p><a href=\"https:\/\/congomines.azurewebsites.net\/fr\/mining-projects-and-infrastructure\/entry\/129974\" class=\"frm-detail-link\">Voir le r\u00e9sum\u00e9<\/a>\n<\/div>\n<\/div>\n<\/div>\n<div>\n<div class=\"frm_grid_container\">\n<div class=\"frm12\" style=\"font-size: 12px;line-height: 12px;\">\n<h2><a href=\"https:\/\/congomines.azurewebsites.net\/fr\/mining-projects-and-infrastructure\/entry\/120957\" class=\"frm-detail-link\">Rapport de validation ITIE RDC 2010<\/a><\/h2>\n<h3><\/h3>\n<h4>9 septembre 2010<\/h4>\n<p><a href=\"https:\/\/congomines.azurewebsites.net\/fr\/mining-projects-and-infrastructure\/entry\/120957\" class=\"frm-detail-link\">Voir le r\u00e9sum\u00e9<\/a>\n<\/div>\n<\/div>\n<\/div>\n<div>\n<div class=\"frm_grid_container\">\n<div class=\"frm12\" style=\"font-size: 12px;line-height: 12px;\">\n<h2><a href=\"https:\/\/congomines.azurewebsites.net\/fr\/mining-projects-and-infrastructure\/entry\/120580\" class=\"frm-detail-link\">Convention Projet de cuivre et de cobalt en RDC (DCP : G\u00e9camines - Global Enterprises Corporate Ltd) 2004<\/a><\/h2>\n<h3><\/h3>\n<h4>9 septembre 2004<\/h4>\n<p><a href=\"https:\/\/congomines.azurewebsites.net\/fr\/mining-projects-and-infrastructure\/entry\/120580\" class=\"frm-detail-link\">Voir le r\u00e9sum\u00e9<\/a>\n<\/div>\n<\/div>\n<\/div>\n<\/div>\n<div class=\"frm_pagination_cont frm_ajax_pagination_cont\"><a  href=\"#\" class=\"frm-ajax-pagination-load-more frm-grid-type\" frm-page=\"1\" frm-view-id=\"21373\">En savoir plus<\/a><\/div>","protected":false},"excerpt":{"rendered":"<p>The Democratic Republic of Congo is a country with exceptionally rich natural resources, particularly in the mining and oil sectors. The benefits of the exploitation of these natural resources mean that companies operating in these sectors generally contribute to the state budget through the payment of taxes. Thanks to the agreements, conventions and joint ventures [&hellip;]<\/p>\n","protected":false},"author":1,"featured_media":0,"parent":0,"menu_order":0,"comment_status":"closed","ping_status":"closed","template":"","meta":{"ocean_post_layout":"full-width","ocean_both_sidebars_style":"","ocean_both_sidebars_content_width":0,"ocean_both_sidebars_sidebars_width":0,"ocean_sidebar":"","ocean_second_sidebar":"","ocean_disable_margins":"enable","ocean_add_body_class":"","ocean_shortcode_before_top_bar":"","ocean_shortcode_after_top_bar":"","ocean_shortcode_before_header":"","ocean_shortcode_after_header":"","ocean_has_shortcode":"","ocean_shortcode_after_title":"","ocean_shortcode_before_footer_widgets":"","ocean_shortcode_after_footer_widgets":"","ocean_shortcode_before_footer_bottom":"","ocean_shortcode_after_footer_bottom":"","ocean_display_top_bar":"off","ocean_display_header":"default","ocean_header_style":"custom","ocean_center_header_left_menu":"","ocean_custom_header_template":"22056","ocean_custom_logo":0,"ocean_custom_retina_logo":0,"ocean_custom_logo_max_width":0,"ocean_custom_logo_tablet_max_width":0,"ocean_custom_logo_mobile_max_width":0,"ocean_custom_logo_max_height":0,"ocean_custom_logo_tablet_max_height":0,"ocean_custom_logo_mobile_max_height":0,"ocean_header_custom_menu":"11","ocean_menu_typo_font_family":"","ocean_menu_typo_font_subset":"","ocean_menu_typo_font_size":0,"ocean_menu_typo_font_size_tablet":0,"ocean_menu_typo_font_size_mobile":0,"ocean_menu_typo_font_size_unit":"px","ocean_menu_typo_font_weight":"","ocean_menu_typo_font_weight_tablet":"","ocean_menu_typo_font_weight_mobile":"","ocean_menu_typo_transform":"","ocean_menu_typo_transform_tablet":"","ocean_menu_typo_transform_mobile":"","ocean_menu_typo_line_height":0,"ocean_menu_typo_line_height_tablet":0,"ocean_menu_typo_line_height_mobile":0,"ocean_menu_typo_line_height_unit":"","ocean_menu_typo_spacing":0,"ocean_menu_typo_spacing_tablet":0,"ocean_menu_typo_spacing_mobile":0,"ocean_menu_typo_spacing_unit":"","ocean_menu_link_color":"#c2c2c2","ocean_menu_link_color_hover":"#ffffff","ocean_menu_link_color_active":"#32acde","ocean_menu_link_background":"","ocean_menu_link_hover_background":"","ocean_menu_link_active_background":"","ocean_menu_social_links_bg":"","ocean_menu_social_hover_links_bg":"","ocean_menu_social_links_color":"","ocean_menu_social_hover_links_color":"","ocean_disable_title":"default","ocean_disable_heading":"on","ocean_post_title":"","ocean_post_subheading":"","ocean_post_title_style":"","ocean_post_title_background_color":"","ocean_post_title_background":0,"ocean_post_title_bg_image_position":"","ocean_post_title_bg_image_attachment":"","ocean_post_title_bg_image_repeat":"","ocean_post_title_bg_image_size":"","ocean_post_title_height":0,"ocean_post_title_bg_overlay":0.5,"ocean_post_title_bg_overlay_color":"","ocean_disable_breadcrumbs":"default","ocean_breadcrumbs_color":"","ocean_breadcrumbs_separator_color":"","ocean_breadcrumbs_links_color":"","ocean_breadcrumbs_links_hover_color":"","ocean_display_footer_widgets":"default","ocean_display_footer_bottom":"default","ocean_custom_footer_template":"","footnotes":""},"class_list":["post-692","page","type-page","status-publish","hentry","entry"],"yoast_head":"<!-- This site is optimized with the Yoast SEO plugin v27.1.1 - https:\/\/yoast.com\/product\/yoast-seo-wordpress\/ -->\n<title>Mining projects and infrastructure - Congo Mines<\/title>\n<meta name=\"robots\" content=\"index, follow, max-snippet:-1, max-image-preview:large, max-video-preview:-1\" \/>\n<link rel=\"canonical\" href=\"https:\/\/congomines.azurewebsites.net\/fr\/projets-miniers-et-infrastructures\/\" \/>\n<meta property=\"og:locale\" content=\"fr_FR\" \/>\n<meta property=\"og:type\" content=\"article\" \/>\n<meta property=\"og:title\" content=\"Mining projects and infrastructure - Congo Mines\" \/>\n<meta property=\"og:description\" content=\"The Democratic Republic of Congo is a country with exceptionally rich natural resources, particularly in the mining and oil sectors. The benefits of the exploitation of these natural resources mean that companies operating in these sectors generally contribute to the state budget through the payment of taxes. Thanks to the agreements, conventions and joint ventures [&hellip;]\" \/>\n<meta property=\"og:url\" content=\"https:\/\/congomines.azurewebsites.net\/fr\/projets-miniers-et-infrastructures\/\" \/>\n<meta property=\"og:site_name\" content=\"Congo Mines\" \/>\n<meta property=\"article:modified_time\" content=\"2026-02-09T20:15:39+00:00\" \/>\n<meta name=\"twitter:card\" content=\"summary_large_image\" \/>\n<meta name=\"twitter:label1\" content=\"Dur\u00e9e de lecture estim\u00e9e\" \/>\n\t<meta name=\"twitter:data1\" content=\"1 minute\" \/>\n<script type=\"application\/ld+json\" class=\"yoast-schema-graph\">{\"@context\":\"https:\/\/schema.org\",\"@graph\":[{\"@type\":\"WebPage\",\"@id\":\"https:\/\/congomines.azurewebsites.net\/mining-projects-and-infrastructure\/\",\"url\":\"https:\/\/congomines.azurewebsites.net\/mining-projects-and-infrastructure\/\",\"name\":\"Mining projects and infrastructure - Congo Mines\",\"isPartOf\":{\"@id\":\"https:\/\/congomines.org\/fr\/#website\"},\"datePublished\":\"2024-11-13T19:52:46+00:00\",\"dateModified\":\"2026-02-09T20:15:39+00:00\",\"breadcrumb\":{\"@id\":\"https:\/\/congomines.azurewebsites.net\/mining-projects-and-infrastructure\/#breadcrumb\"},\"inLanguage\":\"fr-FR\",\"potentialAction\":[{\"@type\":\"ReadAction\",\"target\":[\"https:\/\/congomines.azurewebsites.net\/mining-projects-and-infrastructure\/\"]}]},{\"@type\":\"BreadcrumbList\",\"@id\":\"https:\/\/congomines.azurewebsites.net\/mining-projects-and-infrastructure\/#breadcrumb\",\"itemListElement\":[{\"@type\":\"ListItem\",\"position\":1,\"name\":\"Home\",\"item\":\"https:\/\/congomines.org\/fr\/\"},{\"@type\":\"ListItem\",\"position\":2,\"name\":\"Mining projects and infrastructure\"}]},{\"@type\":\"WebSite\",\"@id\":\"https:\/\/congomines.org\/fr\/#website\",\"url\":\"https:\/\/congomines.org\/fr\/\",\"name\":\"Congo Mines\",\"description\":\"\",\"publisher\":{\"@id\":\"https:\/\/congomines.org\/fr\/#organization\"},\"potentialAction\":[{\"@type\":\"SearchAction\",\"target\":{\"@type\":\"EntryPoint\",\"urlTemplate\":\"https:\/\/congomines.org\/fr\/?s={search_term_string}\"},\"query-input\":{\"@type\":\"PropertyValueSpecification\",\"valueRequired\":true,\"valueName\":\"search_term_string\"}}],\"inLanguage\":\"fr-FR\"},{\"@type\":\"Organization\",\"@id\":\"https:\/\/congomines.org\/fr\/#organization\",\"name\":\"Congo Mines\",\"url\":\"https:\/\/congomines.org\/fr\/\",\"logo\":{\"@type\":\"ImageObject\",\"inLanguage\":\"fr-FR\",\"@id\":\"https:\/\/congomines.org\/fr\/#\/schema\/logo\/image\/\",\"url\":\"\/wp-content\/uploads\/2024\/07\/logo-12d189e2721b77941295d115c6dc43fe.png?wsr\",\"contentUrl\":\"\/wp-content\/uploads\/2024\/07\/logo-12d189e2721b77941295d115c6dc43fe.png?wsr\",\"width\":332,\"height\":222,\"caption\":\"Congo Mines\"},\"image\":{\"@id\":\"https:\/\/congomines.org\/fr\/#\/schema\/logo\/image\/\"}}]}<\/script>\n<!-- \/ Yoast SEO plugin. -->","yoast_head_json":{"title":"Mining projects and infrastructure - Congo Mines","robots":{"index":"index","follow":"follow","max-snippet":"max-snippet:-1","max-image-preview":"max-image-preview:large","max-video-preview":"max-video-preview:-1"},"canonical":"https:\/\/congomines.azurewebsites.net\/fr\/projets-miniers-et-infrastructures\/","og_locale":"fr_FR","og_type":"article","og_title":"Mining projects and infrastructure - Congo Mines","og_description":"The Democratic Republic of Congo is a country with exceptionally rich natural resources, particularly in the mining and oil sectors. The benefits of the exploitation of these natural resources mean that companies operating in these sectors generally contribute to the state budget through the payment of taxes. Thanks to the agreements, conventions and joint ventures [&hellip;]","og_url":"https:\/\/congomines.azurewebsites.net\/fr\/projets-miniers-et-infrastructures\/","og_site_name":"Congo Mines","article_modified_time":"2026-02-09T20:15:39+00:00","twitter_card":"summary_large_image","twitter_misc":{"Dur\u00e9e de lecture estim\u00e9e":"1 minute"},"schema":{"@context":"https:\/\/schema.org","@graph":[{"@type":"WebPage","@id":"https:\/\/congomines.azurewebsites.net\/mining-projects-and-infrastructure\/","url":"https:\/\/congomines.azurewebsites.net\/mining-projects-and-infrastructure\/","name":"Mining projects and infrastructure - Congo Mines","isPartOf":{"@id":"https:\/\/congomines.org\/fr\/#website"},"datePublished":"2024-11-13T19:52:46+00:00","dateModified":"2026-02-09T20:15:39+00:00","breadcrumb":{"@id":"https:\/\/congomines.azurewebsites.net\/mining-projects-and-infrastructure\/#breadcrumb"},"inLanguage":"fr-FR","potentialAction":[{"@type":"ReadAction","target":["https:\/\/congomines.azurewebsites.net\/mining-projects-and-infrastructure\/"]}]},{"@type":"BreadcrumbList","@id":"https:\/\/congomines.azurewebsites.net\/mining-projects-and-infrastructure\/#breadcrumb","itemListElement":[{"@type":"ListItem","position":1,"name":"Home","item":"https:\/\/congomines.org\/fr\/"},{"@type":"ListItem","position":2,"name":"Mining projects and infrastructure"}]},{"@type":"WebSite","@id":"https:\/\/congomines.org\/fr\/#website","url":"https:\/\/congomines.org\/fr\/","name":"Congo Mines","description":"","publisher":{"@id":"https:\/\/congomines.org\/fr\/#organization"},"potentialAction":[{"@type":"SearchAction","target":{"@type":"EntryPoint","urlTemplate":"https:\/\/congomines.org\/fr\/?s={search_term_string}"},"query-input":{"@type":"PropertyValueSpecification","valueRequired":true,"valueName":"search_term_string"}}],"inLanguage":"fr-FR"},{"@type":"Organization","@id":"https:\/\/congomines.org\/fr\/#organization","name":"Congo Mines","url":"https:\/\/congomines.org\/fr\/","logo":{"@type":"ImageObject","inLanguage":"fr-FR","@id":"https:\/\/congomines.org\/fr\/#\/schema\/logo\/image\/","url":"\/wp-content\/uploads\/2024\/07\/logo-12d189e2721b77941295d115c6dc43fe.png?wsr","contentUrl":"\/wp-content\/uploads\/2024\/07\/logo-12d189e2721b77941295d115c6dc43fe.png?wsr","width":332,"height":222,"caption":"Congo Mines"},"image":{"@id":"https:\/\/congomines.org\/fr\/#\/schema\/logo\/image\/"}}]}},"_links":{"self":[{"href":"https:\/\/congomines.azurewebsites.net\/fr\/wp-json\/wp\/v2\/pages\/692","targetHints":{"allow":["GET"]}}],"collection":[{"href":"https:\/\/congomines.azurewebsites.net\/fr\/wp-json\/wp\/v2\/pages"}],"about":[{"href":"https:\/\/congomines.azurewebsites.net\/fr\/wp-json\/wp\/v2\/types\/page"}],"author":[{"embeddable":true,"href":"https:\/\/congomines.azurewebsites.net\/fr\/wp-json\/wp\/v2\/users\/1"}],"replies":[{"embeddable":true,"href":"https:\/\/congomines.azurewebsites.net\/fr\/wp-json\/wp\/v2\/comments?post=692"}],"version-history":[{"count":8,"href":"https:\/\/congomines.azurewebsites.net\/fr\/wp-json\/wp\/v2\/pages\/692\/revisions"}],"predecessor-version":[{"id":22062,"href":"https:\/\/congomines.azurewebsites.net\/fr\/wp-json\/wp\/v2\/pages\/692\/revisions\/22062"}],"wp:attachment":[{"href":"https:\/\/congomines.azurewebsites.net\/fr\/wp-json\/wp\/v2\/media?parent=692"}],"curies":[{"name":"wp","href":"https:\/\/api.w.org\/{rel}","templated":true}]}}